{"id":1551,"date":"2023-08-17T08:15:28","date_gmt":"2023-08-17T08:15:28","guid":{"rendered":"https:\/\/lauratheiss.com\/product\/gehakelter-cardigan\/"},"modified":"2023-08-17T08:35:10","modified_gmt":"2023-08-17T08:35:10","slug":"gehakelter-cardigan","status":"publish","type":"product","link":"https:\/\/lauratheiss.com\/de\/produkt\/gehakelter-cardigan\/","title":{"rendered":"Geh\u00e4kelter cardigan"},"content":{"rendered":"<p>Radikale Transparenz<\/p>\n<p>Wir haben unsere Mode schon immer Fair produziert. Jetzt entscheiden wir uns f\u00fcr eine Radikale Transparenz damit sie genau wissen, wof\u00fcr Sie bezahlen.<\/p>\n<p>Produktionskosten:<br \/>\nVon Hand geh\u00e4kelte Teile : 80 EUR<br \/>\nB\u00fcndchen gen\u00e4ht in der Fabrik: 20 EUR<br \/>\nGarn: 300g. 35EUR<br \/>\nAnderes (Marketing, Fotos, Verpackung):\u00a0 40EUR<\/p>\n<p>Material:<br \/>\nMohair 10%<br \/>\nWolle 70%<br \/>\nPolyamid 15%<br \/>\nElastan 5%<\/p>\n<p>Hergestellt in: Litauen<\/p>\n<p>Das Model ist 170cm gro\u00df und tr\u00e4gt Gr\u00f6\u00dfe M.<\/p>\n","protected":false},"excerpt":{"rendered":"<p>Dieser Cardigan wurde liebevoll von Hand aus hochwertigem Wollgemisch in Smaragdgr\u00fcn geh\u00e4kelt. Rippstrickpartien am Rundhalsausschnitt, an dem Druckverschluss, an den B\u00fcndchen und am Saum runden das Design ab. Kombinieren Sie es sowohl zum Kleid als auch zu Hosen.<\/p>\n<p>Size: S\/M<\/p>\n","protected":false},"featured_media":1532,"template":"","meta":{"_acf_changed":false,"_eb_attr":""},"product_cat":[79],"product_tag":[],"class_list":{"0":"post-1551","1":"product","2":"type-product","3":"status-publish","4":"has-post-thumbnail","6":"product_cat-cardigans-de","7":"pa_colour-emerald-green-de","8":"pa_size-filter-s-m-de","10":"first","11":"instock","12":"taxable","13":"shipping-taxable","14":"purchasable","15":"product-type-simple"},"acf":[],"_links":{"self":[{"href":"https:\/\/lauratheiss.com\/de\/wp-json\/wp\/v2\/product\/1551","targetHints":{"allow":["GET"]}}],"collection":[{"href":"https:\/\/lauratheiss.com\/de\/wp-json\/wp\/v2\/product"}],"about":[{"href":"https:\/\/lauratheiss.com\/de\/wp-json\/wp\/v2\/types\/product"}],"wp:featuredmedia":[{"embeddable":true,"href":"https:\/\/lauratheiss.com\/de\/wp-json\/wp\/v2\/media\/1532"}],"wp:attachment":[{"href":"https:\/\/lauratheiss.com\/de\/wp-json\/wp\/v2\/media?parent=1551"}],"wp:term":[{"taxonomy":"product_cat","embeddable":true,"href":"https:\/\/lauratheiss.com\/de\/wp-json\/wp\/v2\/product_cat?post=1551"},{"taxonomy":"product_tag","embeddable":true,"href":"https:\/\/lauratheiss.com\/de\/wp-json\/wp\/v2\/product_tag?post=1551"}],"curies":[{"name":"wp","href":"https:\/\/api.w.org\/{rel}","templated":true}]}}