{"id":1601,"date":"2023-08-17T08:58:13","date_gmt":"2023-08-17T08:58:13","guid":{"rendered":"https:\/\/lauratheiss.com\/product\/plissee-kleid-mit-v-ausschnitt-senfgelb\/"},"modified":"2023-08-17T09:00:38","modified_gmt":"2023-08-17T09:00:38","slug":"plissee-kleid-mit-v-ausschnitt-senfgelb","status":"publish","type":"product","link":"https:\/\/lauratheiss.com\/de\/produkt\/plissee-kleid-mit-v-ausschnitt-senfgelb\/","title":{"rendered":"Plissee kleid mit v-ausschnitt, senfgelb"},"content":{"rendered":"<p>F\u00fcr glamour\u00f6se Auftritte: Dieses Plisseekleid zieht alle Blicke auf sich! Der Look punktet mit einem eleganten Ausschnitt und einem plissierten Glitzer-Material.<\/p>\n<p>Das Kleid bekommt durch den metallic Effekt einen modernen Touch, und das Baumwoll-Viskosegemisch sorgt f\u00fcr hohen Tragekomfort.<\/p>\n<p>Midi_L\u00e4nge<br \/>\nMit einem Gummizug in der Taille<br \/>\nEinheitsgr\u00f6sse, passend von 36 bis 40<\/p>\n<p>Fliessende A-Linie<br \/>\nMaterial: 10% Baumwolle 70% viscose 20% lurex<\/p>\n","protected":false},"excerpt":{"rendered":"<p>F\u00fcr glamour\u00f6se Auftritte: Dieses Plisseekleid zieht alle Blicke auf sich! Der Look punktet mit einem eleganten Ausschnitt und einem plissierten Glitzer-Material. Das Kleid bekommt durch den metallic Effekt einen modernen Touch, und das Baumwoll-Viskosegemisch sorgt f\u00fcr hohen Tragekomfort. Midi_L\u00e4nge Mit einem Gummizug in der Taille Einheitsgr\u00f6sse, passend von 36 bis 40 Fliessende A-Linie Material: 10% [&hellip;]<\/p>\n","protected":false},"featured_media":1572,"template":"","meta":{"_acf_changed":false,"_eb_attr":""},"product_cat":[85],"product_tag":[],"class_list":{"0":"post-1601","1":"product","2":"type-product","3":"status-publish","4":"has-post-thumbnail","6":"product_cat-kleider","7":"pa_colour-mustard-yellow-de","9":"first","10":"instock","11":"taxable","12":"shipping-taxable","13":"purchasable","14":"product-type-simple"},"acf":[],"_links":{"self":[{"href":"https:\/\/lauratheiss.com\/de\/wp-json\/wp\/v2\/product\/1601","targetHints":{"allow":["GET"]}}],"collection":[{"href":"https:\/\/lauratheiss.com\/de\/wp-json\/wp\/v2\/product"}],"about":[{"href":"https:\/\/lauratheiss.com\/de\/wp-json\/wp\/v2\/types\/product"}],"wp:featuredmedia":[{"embeddable":true,"href":"https:\/\/lauratheiss.com\/de\/wp-json\/wp\/v2\/media\/1572"}],"wp:attachment":[{"href":"https:\/\/lauratheiss.com\/de\/wp-json\/wp\/v2\/media?parent=1601"}],"wp:term":[{"taxonomy":"product_cat","embeddable":true,"href":"https:\/\/lauratheiss.com\/de\/wp-json\/wp\/v2\/product_cat?post=1601"},{"taxonomy":"product_tag","embeddable":true,"href":"https:\/\/lauratheiss.com\/de\/wp-json\/wp\/v2\/product_tag?post=1601"}],"curies":[{"name":"wp","href":"https:\/\/api.w.org\/{rel}","templated":true}]}}