{"id":1742,"date":"2023-08-17T10:54:59","date_gmt":"2023-08-17T10:54:59","guid":{"rendered":"https:\/\/lauratheiss.com\/product\/couture-jumper-giorgia\/"},"modified":"2023-08-17T10:58:27","modified_gmt":"2023-08-17T10:58:27","slug":"couture-jumper-giorgia","status":"publish","type":"product","link":"https:\/\/lauratheiss.com\/de\/produkt\/couture-jumper-giorgia\/","title":{"rendered":"Couture jumper Giorgia"},"content":{"rendered":"<p>Definitiv ein Eyecatcher ist dieser Strickpullover. Ein aufwendiges 3D zigzag Strickmuster setzen hier ein klares Fashion-Statement. Lassen Sie sich diesen Style-Garant nicht entgehen!<\/p>\n<p>Rundhalsausschnitt mit Rippblende. \u00dcberschnittene Schultern, volumin\u00f6se \u00c4rmel. Rippb\u00fcndchen an \u00c4rmeln und Saum. 100 % Handarbeit<\/p>\n<p>Material: 70% Wolle 30% Viscose Lurex Applikation<\/p>\n<p>Gr\u00f6sse S\/M es f\u00e4llt gross aus<br \/>\nGr\u00f6sse M\/L auf Anfrage<\/p>\n","protected":false},"excerpt":{"rendered":"<p>Definitiv ein Eyecatcher ist dieser Strickpullover. Ein aufwendiges 3D zigzag Strickmuster setzen hier ein klares Fashion-Statement. Lassen Sie sich diesen Style-Garant nicht entgehen! Rundhalsausschnitt mit Rippblende. \u00dcberschnittene Schultern, volumin\u00f6se \u00c4rmel. Rippb\u00fcndchen an \u00c4rmeln und Saum. 100 % Handarbeit Material: 70% Wolle 30% Viscose Lurex Applikation Gr\u00f6sse S\/M es f\u00e4llt gross aus Gr\u00f6sse M\/L auf Anfrage<\/p>\n","protected":false},"featured_media":1713,"template":"","meta":{"_acf_changed":false,"_eb_attr":""},"product_cat":[79],"product_tag":[],"class_list":{"0":"post-1742","1":"product","2":"type-product","3":"status-publish","4":"has-post-thumbnail","6":"product_cat-cardigans-de","7":"pa_size-filter-m-l-de","8":"pa_size-filter-s-m-de","10":"first","11":"instock","12":"taxable","13":"shipping-taxable","14":"purchasable","15":"product-type-variable"},"acf":[],"_links":{"self":[{"href":"https:\/\/lauratheiss.com\/de\/wp-json\/wp\/v2\/product\/1742","targetHints":{"allow":["GET"]}}],"collection":[{"href":"https:\/\/lauratheiss.com\/de\/wp-json\/wp\/v2\/product"}],"about":[{"href":"https:\/\/lauratheiss.com\/de\/wp-json\/wp\/v2\/types\/product"}],"wp:featuredmedia":[{"embeddable":true,"href":"https:\/\/lauratheiss.com\/de\/wp-json\/wp\/v2\/media\/1713"}],"wp:attachment":[{"href":"https:\/\/lauratheiss.com\/de\/wp-json\/wp\/v2\/media?parent=1742"}],"wp:term":[{"taxonomy":"product_cat","embeddable":true,"href":"https:\/\/lauratheiss.com\/de\/wp-json\/wp\/v2\/product_cat?post=1742"},{"taxonomy":"product_tag","embeddable":true,"href":"https:\/\/lauratheiss.com\/de\/wp-json\/wp\/v2\/product_tag?post=1742"}],"curies":[{"name":"wp","href":"https:\/\/api.w.org\/{rel}","templated":true}]}}