{"id":1873,"date":"2023-08-17T11:25:35","date_gmt":"2023-08-17T11:25:35","guid":{"rendered":"https:\/\/lauratheiss.com\/product\/plissee-rock-gold\/"},"modified":"2023-08-17T11:26:50","modified_gmt":"2023-08-17T11:26:50","slug":"plissee-rock-gold","status":"publish","type":"product","link":"https:\/\/lauratheiss.com\/de\/produkt\/plissee-rock-gold\/","title":{"rendered":"Plissee rock, gold"},"content":{"rendered":"<p>Wundersch\u00f6ner, Faltenrock in metallic Optik, aus wunderbar weichem Strick in einem tollen, Metallic burgund Farbe. F\u00e4llt traumhaft sch\u00f6n und Figur schmeichelnd und die herrlich schillernde Farbe ist ein Kn\u00fcller!<\/p>\n<p>Du kannst den Rock schick und edel stylen, zum Beispiel mit orangenem Pullover oder wei\u00dfer Bluse. Er funktioniert aber auch pr\u00e4chtig mit Sweatshirt und Turnschuhen. Dabei tr\u00e4gt er sich immer ungemein angenehm und bequem. Auch perfekt f\u00fcr die Reisen.<\/p>\n<p>Mit breitem Gummizug in der Taille<br \/>\nEinheitsgr\u00f6sse, passend von 36 bis 40<br \/>\nMaterial: 10% Baumwolle 70% viscose 20% lurex<\/p>\n","protected":false},"excerpt":{"rendered":"<p>Wundersch\u00f6ner, Faltenrock in metallic Optik, aus wunderbar weichem Strick in einem tollen, Metallic burgund Farbe. F\u00e4llt traumhaft sch\u00f6n und Figur schmeichelnd und die herrlich schillernde Farbe ist ein Kn\u00fcller! Du kannst den Rock schick und edel stylen, zum Beispiel mit orangenem Pullover oder wei\u00dfer Bluse. Er funktioniert aber auch pr\u00e4chtig mit Sweatshirt und Turnschuhen. Dabei [&hellip;]<\/p>\n","protected":false},"featured_media":1856,"template":"","meta":{"_acf_changed":false,"_eb_attr":""},"product_cat":[108],"product_tag":[],"class_list":{"0":"post-1873","1":"product","2":"type-product","3":"status-publish","4":"has-post-thumbnail","6":"product_cat-rock","7":"pa_colour-gold-de","9":"first","10":"instock","11":"taxable","12":"shipping-taxable","13":"purchasable","14":"product-type-simple"},"acf":[],"_links":{"self":[{"href":"https:\/\/lauratheiss.com\/de\/wp-json\/wp\/v2\/product\/1873","targetHints":{"allow":["GET"]}}],"collection":[{"href":"https:\/\/lauratheiss.com\/de\/wp-json\/wp\/v2\/product"}],"about":[{"href":"https:\/\/lauratheiss.com\/de\/wp-json\/wp\/v2\/types\/product"}],"wp:featuredmedia":[{"embeddable":true,"href":"https:\/\/lauratheiss.com\/de\/wp-json\/wp\/v2\/media\/1856"}],"wp:attachment":[{"href":"https:\/\/lauratheiss.com\/de\/wp-json\/wp\/v2\/media?parent=1873"}],"wp:term":[{"taxonomy":"product_cat","embeddable":true,"href":"https:\/\/lauratheiss.com\/de\/wp-json\/wp\/v2\/product_cat?post=1873"},{"taxonomy":"product_tag","embeddable":true,"href":"https:\/\/lauratheiss.com\/de\/wp-json\/wp\/v2\/product_tag?post=1873"}],"curies":[{"name":"wp","href":"https:\/\/api.w.org\/{rel}","templated":true}]}}