{"id":1921,"date":"2023-08-17T12:19:27","date_gmt":"2023-08-17T12:19:27","guid":{"rendered":"https:\/\/lauratheiss.com\/product\/kaschmir-schal\/"},"modified":"2023-08-17T12:33:23","modified_gmt":"2023-08-17T12:33:23","slug":"kaschmir-schal","status":"publish","type":"product","link":"https:\/\/lauratheiss.com\/de\/produkt\/kaschmir-schal\/","title":{"rendered":"Kaschmir schal"},"content":{"rendered":"<p>Weicher Kaschmir Schal mit aufwendiger Jaquardstricktechnik mit buntem zigzag Muster.<\/p>\n<p>Dieser Kaschmirschal ist besonders kuschelig und damit ein luxuri\u00f6ses Accessoire f\u00fcr besondere Momente oder f\u00fcr jeden Tag. Es kann von beiden Seiten getragen werden.<\/p>\n<ul>\n<li>kann von beiden Seiten getragen werden.<\/li>\n<li>Gr\u00f6\u00dfe: 42cm x 210cm<\/li>\n<li>Material: 60% Kaschmir 40% Wolle<\/li>\n<\/ul>\n","protected":false},"excerpt":{"rendered":"<p>Weicher Kaschmir Schal mit aufwendiger Jaquardstricktechnik mit buntem zigzag Muster. Dieser Kaschmirschal ist besonders kuschelig und damit ein luxuri\u00f6ses Accessoire f\u00fcr besondere Momente oder f\u00fcr jeden Tag. Es kann von beiden Seiten getragen werden. kann von beiden Seiten getragen werden. Gr\u00f6\u00dfe: 42cm x 210cm Material: 60% Kaschmir 40% Wolle<\/p>\n","protected":false},"featured_media":1910,"template":"","meta":{"_acf_changed":false,"_eb_attr":""},"product_cat":[112],"product_tag":[],"class_list":{"0":"post-1921","1":"product","2":"type-product","3":"status-publish","4":"has-post-thumbnail","6":"product_cat-accessories-de","8":"first","9":"instock","10":"taxable","11":"shipping-taxable","12":"purchasable","13":"product-type-simple"},"acf":[],"_links":{"self":[{"href":"https:\/\/lauratheiss.com\/de\/wp-json\/wp\/v2\/product\/1921","targetHints":{"allow":["GET"]}}],"collection":[{"href":"https:\/\/lauratheiss.com\/de\/wp-json\/wp\/v2\/product"}],"about":[{"href":"https:\/\/lauratheiss.com\/de\/wp-json\/wp\/v2\/types\/product"}],"wp:featuredmedia":[{"embeddable":true,"href":"https:\/\/lauratheiss.com\/de\/wp-json\/wp\/v2\/media\/1910"}],"wp:attachment":[{"href":"https:\/\/lauratheiss.com\/de\/wp-json\/wp\/v2\/media?parent=1921"}],"wp:term":[{"taxonomy":"product_cat","embeddable":true,"href":"https:\/\/lauratheiss.com\/de\/wp-json\/wp\/v2\/product_cat?post=1921"},{"taxonomy":"product_tag","embeddable":true,"href":"https:\/\/lauratheiss.com\/de\/wp-json\/wp\/v2\/product_tag?post=1921"}],"curies":[{"name":"wp","href":"https:\/\/api.w.org\/{rel}","templated":true}]}}