{"id":3099,"date":"2023-09-18T12:33:28","date_gmt":"2023-09-18T12:33:28","guid":{"rendered":"https:\/\/lauratheiss.com\/product\/pullover-aus-kaschmir-mit-zickzackmuster\/"},"modified":"2023-09-18T12:34:47","modified_gmt":"2023-09-18T12:34:47","slug":"pullover-aus-kaschmir-mit-zickzackmuster","status":"publish","type":"product","link":"https:\/\/lauratheiss.com\/de\/produkt\/pullover-aus-kaschmir-mit-zickzackmuster\/","title":{"rendered":"Pullover aus kaschmir mit zickzackmuster"},"content":{"rendered":"<p>Einfach und Chic: Strickkreationen k\u00f6nnen richtig modern und edel sein. Unkonventionelle Schnitte, au\u00dfergew\u00f6hnliche Farbkombinationen und edle Materialien gehen Hand in Hand. Auch dieser Pullover besticht durch ein sch\u00f6nes Design und Glitzergarn, das Sie zum Strahlen bringt. Ideal zum Rock oder auch mit Jeans sehr gut kombinierbar.<\/p>\n","protected":false},"excerpt":{"rendered":"<p><strong>Material und Pflege<\/strong>:<\/p>\n<ul>\n<li>100 % Kaschmir mit Lurex Details<\/li>\n<li>Handw\u00e4sche oder Reinigung<\/li>\n<\/ul>\n<p><strong>Gr\u00f6sse<\/strong>: M\/L<\/p>\n","protected":false},"featured_media":3082,"template":"","meta":{"_acf_changed":false,"_eb_attr":""},"product_cat":[79,119],"product_tag":[],"class_list":{"0":"post-3099","1":"product","2":"type-product","3":"status-publish","4":"has-post-thumbnail","6":"product_cat-cardigans-de","7":"product_cat-loungwear-de","9":"first","10":"instock","11":"taxable","12":"shipping-taxable","13":"purchasable","14":"product-type-simple"},"acf":[],"_links":{"self":[{"href":"https:\/\/lauratheiss.com\/de\/wp-json\/wp\/v2\/product\/3099","targetHints":{"allow":["GET"]}}],"collection":[{"href":"https:\/\/lauratheiss.com\/de\/wp-json\/wp\/v2\/product"}],"about":[{"href":"https:\/\/lauratheiss.com\/de\/wp-json\/wp\/v2\/types\/product"}],"wp:featuredmedia":[{"embeddable":true,"href":"https:\/\/lauratheiss.com\/de\/wp-json\/wp\/v2\/media\/3082"}],"wp:attachment":[{"href":"https:\/\/lauratheiss.com\/de\/wp-json\/wp\/v2\/media?parent=3099"}],"wp:term":[{"taxonomy":"product_cat","embeddable":true,"href":"https:\/\/lauratheiss.com\/de\/wp-json\/wp\/v2\/product_cat?post=3099"},{"taxonomy":"product_tag","embeddable":true,"href":"https:\/\/lauratheiss.com\/de\/wp-json\/wp\/v2\/product_tag?post=3099"}],"curies":[{"name":"wp","href":"https:\/\/api.w.org\/{rel}","templated":true}]}}